{"id":2,"date":"2008-08-11T05:13:01","date_gmt":"2008-08-11T12:13:01","guid":{"rendered":"http:\/\/nesnausk.org\/klinikine-psichologija\/?page_id=2"},"modified":"2012-03-26T13:01:10","modified_gmt":"2012-03-26T20:01:10","slug":"about","status":"publish","type":"page","link":"https:\/\/nesnausk.org\/klinikine-psichologija\/about\/","title":{"rendered":"Apie projekt\u0105"},"content":{"rendered":"<div class=\"postentry\">\n<p>Blog\u2019as \u201cKlinikin\u0117 psichologija\u201d yra kurso projektas, kuris prad\u0117tas \u012fgyvendinti <a href=\"http:\/\/psichologija.vdu.lt\/\">Vytauto Did\u017eiojo universiteto Bendrosios psichologijos katedros<\/a> IV kurso student\u0173 ir d\u0117stytojos dr. A. Pranckevi\u010dien\u0117s 2008 rudens semestre ir t\u0119siamas iki \u0161iol. Pagrindinis projekto tikslas yra skatinti studentus dom\u0117tis klinikine psichologija, apie j\u0105 galvoti, ra\u0161yti, keistis informacija, diskutuoti. Blog\u2019e pateikiama informacija taip pat bus pagalbine med\u017eiaga ruo\u0161iantis klinikin\u0117s psichologijos kurso tarpiniams atsiskaitymas ir egzaminams.<\/p>\n<p>Id\u0117ja kurti elektronin\u012f\u00a0kurso dienora\u0161t\u012f\u00a0at\u0117jo i\u0161 puiki\u0173 u\u017esienio d\u0117stytoj\u0173 psichologijos kurs\u0173 puslapi\u0173, toki\u0173 kaip dr. John Suler \u201cTeaching Clinical Psychology\u201d ir elektronini\u0173 dienora\u0161\u010di\u0173,\u00a0pavyzd\u017eiui, dr. Anthony Risser \u201cBrainblog\u201d. \u201cKlinikin\u0117s psichologijos\u201d blog\u2019u siekiama ne vien teikti formali\u0105 informacij\u0105 apie klinikin\u0119 psichologij\u0105, ta\u010diau skatinti studentus tapti jos k\u016br\u0117jais.<\/p>\n<\/div>\n","protected":false},"excerpt":{"rendered":"<p>Blog\u2019as \u201cKlinikin\u0117 psichologija\u201d yra kurso projektas, kuris prad\u0117tas \u012fgyvendinti Vytauto Did\u017eiojo universiteto Bendrosios psichologijos katedros IV kurso student\u0173 ir d\u0117stytojos dr. A. Pranckevi\u010dien\u0117s 2008 rudens semestre ir t\u0119siamas iki \u0161iol. Pagrindinis projekto tikslas yra skatinti studentus dom\u0117tis klinikine psichologija, apie j\u0105 galvoti, ra\u0161yti, keistis informacija, diskutuoti. Blog\u2019e pateikiama informacija taip pat bus pagalbine med\u017eiaga ruo\u0161iantis [&hellip;]<\/p>\n","protected":false},"author":1,"featured_media":0,"parent":0,"menu_order":0,"comment_status":"open","ping_status":"open","template":"","meta":[],"_links":{"self":[{"href":"https:\/\/nesnausk.org\/klinikine-psichologija\/wp-json\/wp\/v2\/pages\/2"}],"collection":[{"href":"https:\/\/nesnausk.org\/klinikine-psichologija\/wp-json\/wp\/v2\/pages"}],"about":[{"href":"https:\/\/nesnausk.org\/klinikine-psichologija\/wp-json\/wp\/v2\/types\/page"}],"author":[{"embeddable":true,"href":"https:\/\/nesnausk.org\/klinikine-psichologija\/wp-json\/wp\/v2\/users\/1"}],"replies":[{"embeddable":true,"href":"https:\/\/nesnausk.org\/klinikine-psichologija\/wp-json\/wp\/v2\/comments?post=2"}],"version-history":[{"count":4,"href":"https:\/\/nesnausk.org\/klinikine-psichologija\/wp-json\/wp\/v2\/pages\/2\/revisions"}],"predecessor-version":[{"id":5,"href":"https:\/\/nesnausk.org\/klinikine-psichologija\/wp-json\/wp\/v2\/pages\/2\/revisions\/5"}],"wp:attachment":[{"href":"https:\/\/nesnausk.org\/klinikine-psichologija\/wp-json\/wp\/v2\/media?parent=2"}],"curies":[{"name":"wp","href":"https:\/\/api.w.org\/{rel}","templated":true}]}}